{"id":3,"date":"2021-05-01T21:55:05","date_gmt":"2021-05-01T21:55:05","guid":{"rendered":"https:\/\/www.sprint-commerce.it\/?page_id=3"},"modified":"2022-05-14T17:16:36","modified_gmt":"2022-05-14T15:16:36","slug":"privacy-policy","status":"publish","type":"page","link":"https:\/\/www.sprint-commerce.it\/en\/privacy-policy\/","title":{"rendered":"Privacy Policy"},"content":{"rendered":"<p><\/br><br \/>\n<\/br><\/p>\n<section class=\"testo-pagina\">\n<h4>Privacy Policy<\/h4>\n<p><\/br><\/p>\n<h5>Informativa Privacy<\/h5>\n<p>Informativa sul trattamento dei dati personali degli utenti del sito web ai sensi dell\u2019art. 13 del D.lgs. n. 196\/2003 e dell\u2019art. 13 del Regolamento UE 679\/2016<\/p>\n<p>Questo documento \u00e8 stato redatto ai sensi dell\u2019art. 13 del D.Lgs. 196\/2003 (di seguito, \u201cCodice Privacy\u201d) e del Regolamento UE 2016\/679 (di seguito: \u201cRegolamento\u201d) al fine di permetterLe di conoscere la nostra politica sulla privacy, per capire come le sue informazioni personali vengono gestite quando utilizza il nostro sito (www.361sport.it , di seguito \u201cSito\u201d) e, se del caso, di prestare un consenso al trattamento dei Suoi dati personali espresso e consapevole.<br \/>\nLe informazioni ed i dati da Lei forniti od altrimenti acquisiti nell\u2019ambito dell\u2019utilizzo dei servizi di navigazione e accesso all\u2019area riservata del Sito (di seguito \u201cServizi\u201d), saranno oggetto di trattamento nel rispetto delle disposizioni del Regolamento e degli obblighi di riservatezza che ispirano l\u2019attivit\u00e0 della SPRINTCOMMERCE.<br \/>\nSecondo le norme del Codice Privacy e del Regolamento, i trattamenti effettuati dalla SPRINTCOMMERCE saranno improntati ai principi di liceit\u00e0, correttezza, trasparenza, limitazione delle finalit\u00e0 e della conservazione, minimizzazione dei dati, esattezza, integrit\u00e0 e riservatezza, nonch\u00e8 al principio di responsabilizzazione di cui all\u2019art. 5 del Regolamento.<\/p>\n<p>Titolare del trattamento<\/p>\n<p>SPRINT COMMERCE S.r.l. con socio unico, con sede legale in Via del Bosco 91, 12100 Cuneo, (di seguito \u201cSPRINTCOMMERCE\u201d o \u201cTitolare\u201d) si impegna costantemente per tutelare la privacy on-line dei suoi utenti. La invitiamo, dunque, prima di comunicare qualsiasi dato personale al Titolare, a leggere con attenzione la presente informativa perch\u00e8 contiene informazioni importanti sulla tutela dei Suoi dati personali.<\/p>\n<p>&nbsp;<\/p>\n<p>Dati personali oggetto del trattamento<\/p>\n<p>La informiamo che i dati personali oggetto di trattamento potranno essere costituiti da un identificativo come il Suo nome e cognome, email aziendale, azienda di appartenenza e ruolo ricoperto all\u2019interno della stessa, eventualmente numero di telefono e partita iva, un numero di identificazione, dati relativi all\u2019ubicazione, a un identificativo online, a seconda del tipo di servizi richiesti.<br \/>\nInoltre, i dati personali trattati attraverso il Sito sono i seguenti:<\/p>\n<ol>\n<li>Dati di navigazione<\/li>\n<\/ol>\n<p>I sistemi informatici e le procedure software preposte al funzionamento del Sito acquisiscono automaticamente, nel normale esercizio, alcune informazioni inerenti la navigazione web la cui trasmissione \u00e8 implicita nell\u2019uso dei protocolli di comunicazione Internet. Si tratta di informazioni che non sono raccolte per essere associate a interessati identificati ma che per loro natura potrebbero, mediante associazioni ed elaborazioni con dati detenuti da terzi, permettere di identificare gli utenti o navigatori. In questa categoria rientrano le informazioni relative a indirizzi IP, nomi a dominio dei computer utilizzati dagli utenti che si connettono al sito, indirizzi in notazione URI (Uniform Resource Identifier) delle risorse richieste, orario della richiesta, il metodo utilizzato nel sottoporre la richiesta al server web, la dimensione del file ottenuto in risposta, codice numerico indicante lo stato della risposta data dal server web (buon fine, errore, ecc.) ed altri parametri relativi al sistema operativo ed all\u2019ambiente informatico dell\u2019utente. Questi dati vengono utilizzati al solo fine di ricavare informazioni statistiche anonime sull\u2019uso del presente Sito web e per controllarne il corretto funzionamento, per identificare anomalie e\/o abusi, e sono cancellati immediatamente dopo l\u2019elaborazione. I dati potrebbero essere utilizzati per l\u2019accertamento di responsabilit\u00e0 in caso di ipotetici reati informatici ai danni del sito o di terzi.<br \/>\nSpecifiche informative sono riportate nelle sezioni del sito web predisposte per particolari servizi, accessibili anche a seguito di registrazione, dove vengono richiesti dati personali all\u2019utente del sito.<\/p>\n<ol start=\"2\">\n<li>Cookie<\/li>\n<\/ol>\n<p><u>Cosa sono i cookie<\/u><\/p>\n<p>La navigazione in questo sito web comporta la ricezione di cookie, brevi stringhe di testo che i siti web visitati inviano al browser dell\u2019utente (cio\u00e8 il programma che serve per navigare come, ad es., Chrome, Explorer, Mozilla, ecc.) dove vengono memorizzati per essere poi ritrasmessi ai medesimi siti web durante le successive visite. Nel corso della navigazione su un sito, l\u2019utente pu\u00f2 ricevere sul suo computer anche cookie di siti o di web server diversi da quello che sta visitando (c.d. cookie di \u201cterze parti\u201d). \u00c8 possibile distinguere cookie tecnici, che permettono lo svolgimento di attivit\u00e0 strettamente legate al funzionamento del sito e possono essere utilizzati liberamente, e cookie di profilazione, utilizzati al fine di far visualizzare all\u2019utente messaggi pubblicitari in linea con le preferenze manifestate dal medesimo nel corso della navigazione e per i quali \u00e8 necessario acquisire il consenso dell\u2019utente.<br \/>\nAttraverso questo sito il browser dell\u2019utente pu\u00f2 ricevere cookie tecnici e cookie di profilazione di terze parti.<\/p>\n<p><u>Cookie tecnici<\/u><\/p>\n<p>In particolare sono utilizzati Cookie tecnici di navigazione, al fine di memorizzare le preferenze di navigazione e migliorare la navigazione sul sito, e Cookie analitici (nello specifico Google Analytics forniti da Google Inc. \u2013 in seguito \u201cGoogle\u201d), che raccolgono, in forma anonima e aggregata, informazioni statistiche sulle modalit\u00e0 di navigazione degli utenti (ad esempio, numero di pagine visitate e di accessi, tempo di permanenza nel sito), utili a capire in quali aspetti \u00e8 possibile migliorare il sito web.<br \/>\nPer avere ulteriori informazioni circa il trattamento di dati effettuato da Google attraverso il servizio Google Analytics, l\u2019utente pu\u00f2 visitare la pagina web http:\/\/www.google.com\/analytics\/learn\/privacy.html, e visionare la privacy policy di Google sulla pagina web http:\/\/www.google.com\/intl\/it\/policies\/privacy\/<br \/>\nL\u2019utilizzo di questi cookie non richiede l\u2019acquisizione del consenso dell\u2019utente, il quale pu\u00f2 comunque decidere di disabilitarne l\u2019utilizzo sul proprio browser. Inoltre, i cookie di Google Analytics possono essere specificamente rifiutati utilizzando l\u2019apposito strumento fornito da Google (v. https:\/\/support.google.com\/analytics\/answer\/181881?hl=it&amp;ref_topic=2919631&amp;vid=1-635775549103353382-1182928194).<\/p>\n<p><u>Cookie di profilazione di terze parti<\/u><\/p>\n<p>Attraverso alcune pagine di questo Sito web \u00e8 inoltre possibile ricevere nel proprio browser anche cookie di profilazione di terze parti, ad esempio per permettere la visualizzazione di contenuti ospitati su piattaforme esterne ed interagire con essi (es. YouTube) o connessi al servizio AdWords di Google (finalizzato a far visualizzare all\u2019utente, nel corso della navigazione, annunci sulla base dei siti web precedentemente visitati). Per tale motivo all\u2019atto dell\u2019accesso a tali pagine \u00e8 proposto un banner volto ad informare l\u2019utente e a permettergli di prestare il proprio consenso alla ricezione di tali cookie, chiudendo il banner o cliccando su qualsiasi altro elemento della pagina, esterno al banner medesimo. SPRINTCOMMERCE non ha accesso alle informazioni raccolte dai cookie di terzi, che sono utilizzati in piena autonomia dai gestori dei predetti servizi. Per maggiori informazioni sulle modalit\u00e0 di trattamento dei dati raccolti a mezzo di tali cookie gli utenti sono invitati a consultare le note informative sulla privacy fornite dai soggetti che mettono a disposizione i servizi in questione. In particolare, i cookie di terze parti utilizzati nel sito sono i seguenti:<\/p>\n<ul>\n<li>YouTube: https:\/\/www.youtube.com\/static?template=privacy_guidelines<\/li>\n<li>AdWords: https:\/\/support.google.com\/adwordspolicy\/answer\/6008942?hl=it<\/li>\n<li>Facebook: https:\/\/www.facebook.com\/privacy<\/li>\n<\/ul>\n<p>L\u2019utente pu\u00f2 disattivare i cookie apposti dalle terze parti sopra elencate cliccando sui link indicati. Ove non siano presenti link, si pu\u00f2 fare riferimento al seguente sito www.youronlinechoices.com\/it\/ che permette di gestire le preferenze dell\u2019utente in tema di cookie.<\/p>\n<p><u>Come gestire i Cookie all\u2019interno del proprio browser<\/u><\/p>\n<p>L\u2019utente pu\u00f2 impostare il proprio browser in modo tale da essere avvertito della presenza di cookie e decidere se accettare o meno un cookie specifico o se rifiutare automaticamente tutti i cookie. Di seguito i riferimenti a come gestire l\u2019attivazione\/disattivazione dei cookie per i principali browser:<\/p>\n<ul>\n<li>Google Chrome: https:\/\/support.google.com\/accounts\/answer\/61416?hl=it<\/li>\n<li>Mozilla Firefox: https:\/\/support.mozilla.org\/it\/kb\/Attivare%20e%20disattivare%20i%20cookie<\/li>\n<li>Apple Safari: https:\/\/support.apple.com\/kb\/PH19214?locale=it_IT<\/li>\n<li>Opera: http:\/\/help.opera.com\/Windows\/10.00\/it\/cookies.html<\/li>\n<li>Microsoft Internet Explorer e Microsoft Edge: https:\/\/support.microsoft.com\/it-it\/help\/17442\/windows-internet-explorer-delete-manage-cookies<\/li>\n<\/ul>\n<p>Se si decide di rifiutare i cookie \u00e8 peraltro possibile che non risultino utilizzabili, in tutto o in parte, alcune funzionalit\u00e0 interattive offerte dal Sito.<\/p>\n<ol start=\"3\">\n<li>Finalit\u00e0 del trattamento<\/li>\n<\/ol>\n<p>I suoi dati personali verranno trattati dal Titolare per le seguenti finalit\u00e0:<\/p>\n<ul>\n<li>3.1consentire la navigazione del Sito e l\u2019erogazione dei servizi ivi messi a diposizione dal Titolare, compresa la gestione della sicurezza del Sito;<\/li>\n<li>3.2 adempiere ad eventuali obblighi previsti dalle leggi vigenti, da regolamenti o dalla normativa comunitaria, o soddisfare richieste provenienti dalle autorit\u00e0;<\/li>\n<li>3.3 per l\u2019elaborazione di statistiche, senza che sia possibile risalire alla Sua identit\u00e0;<\/li>\n<li>3.4 inviare newsletter e comunicazioni promozionali ai fini di marketing diretto attraverso email, sms, mms, notifiche push, fax, posta cartacea, telefono con operatore, i cui prodotti promossi potranno essere anche di altre societ\u00e0 partner;<\/li>\n<li>3.5 ai fini di svolgere attivit\u00e0 di profilazione, tramite raccolta e analisi delle informazioni sulle selezioni e le scelte effettuate all\u2019interno del Sito, al fine di inviare offerte personalizzate su altri prodotti e\/o servizi;<\/li>\n<li>3.6 per comunicare\/cedere i dati personali a societ\u00e0 terze quali societ\u00e0 Partner dell\u2019evento per l\u2019invio di newsletter e comunicazioni promozionali ai fini di marketing attraverso email, sms, mms, notifiche push, fax, posta cartacea, telefono con operatore.<\/li>\n<\/ul>\n<p>Specifiche misure di sicurezza sono osservate per prevenire la perdita dei dati, usi illeciti o non corretti ed accessi non autorizzati.<\/p>\n<ol start=\"4\">\n<li>Base giuridica e natura obbligatoria o facoltativa del trattamento<\/li>\n<\/ol>\n<p>La base giuridica del trattamento di dati personali per le finalit\u00e0 di cui alla sezione 3.1 \u00e8 l\u2019art. 6.1.b) del Regolamento in quanto i trattamenti sono necessari all\u2019erogazione dei servizi o per il riscontro delle richieste dell\u2019interessato. La base giuridica del trattamento di dati personali per le finalit\u00e0 di cui alla sezione 3.2 \u00e8, invece, l\u2019art. 6.1.c) del Regolamento (\u201cil trattamento \u00e8 necessario per adempiere un obbligo legale al quale \u00e8 soggetto il titolare del trattamento\u201d). Il conferimento dei dati personali per queste finalit\u00e0 \u00e8 facoltativo, ma l\u2019eventuale mancato conferimento comporterebbe l\u2019impossibilit\u00e0 di attivare i servizi richiesti.<br \/>\nSi precisa, invece, che il trattamento di cui alla sezione 3.3 non \u00e8 eseguito sulla base di dati personali e, pertanto, pu\u00f2 essere liberamente effettuato dal Titolare.<br \/>\nLa base giuridica del trattamento di dati personali per le finalit\u00e0 di cui alle sezioni 3.4, 3.5 e 3.6 \u00e8 l\u2019art. 6.1.a) del Regolamento in quanto i trattamenti sono fondati sul consenso. Quest\u2019ultimo \u00e8 facoltativo ed \u00e8 libero di revocarlo in qualsiasi momento senza alcuna conseguenza (se non per il fatto che non ricever\u00e0 pi\u00f9 comunicazioni di marketing e\/o non sar\u00e0 pi\u00f9 effettuata attivit\u00e0 di profilazione). I consensi precedentemente conferiti sono revocabili seguendo le indicazioni presenti al Paragrafo 8 della presente informativa.<br \/>\nPer i trattamenti effettuati ai fini di invio diretto di proprio materiale pubblicitario o di propria vendita diretta o per il compimento di proprie ricerche di mercato o di comunicazioni commerciali in relazione a prodotti o servizi del Titolare analoghi a quelli da Lei utilizzati, SPRINTCOMMERCE pu\u00f2 utilizzare gli indirizzi di posta elettronica ai sensi e nei limiti consentiti dall\u2019art. 130, comma 4 del Codice e dal provvedimento dell\u2019Autorit\u00e0 Garante per la protezione dei dati personali del 19 giugno 2008 anche in assenza di consenso esplicito. La base giuridica del trattamento dei Suoi dati per tale finalit\u00e0 \u00e8 l\u2019art. 6, comma 1, lett. f) del Regolamento. Resta ferma la possibilit\u00e0 di opporsi a tale trattamento in ogni momento, inizialmente o in occasione di successive comunicazioni, in maniera agevole e gratuitamente anche scrivendo ai recapiti indicati nella sezione \u201cContatti\u201d della presente informativa, nonch\u00e8 di ottenere un immediato riscontro che confermi l\u2019interruzione di tale trattamento (art. 15 del Regolamento).<\/p>\n<ol start=\"5\">\n<li>Destinatari dei dati personali<\/li>\n<\/ol>\n<p>I Suoi dati personali potranno essere condivisi, per le finalit\u00e0 di cui alla sezione 3 della presente informativa, con:<\/p>\n<ul>\n<li>5.1. soggetti che agiscono tipicamente in qualit\u00e0 di responsabili del trattamento ai sensi degli artt. 29 del Codice e 28 del Regolamento, ossia, soggetti che cooperano con il Titolare per il perseguimento delle finalit\u00e0 di cui sopra, compresi i soggetti delegati a svolgere attivit\u00e0 di manutenzione tecnica (collettivamente \u201cDestinatari\u201d); l\u2019elenco dei responsabili del trattamento che trattano dati pu\u00f2 essere richiesto al Titolare scrivendo ai recapiti indicati nella sezione \u201cContatti\u201d della presente informativa;<\/li>\n<li>5.2. soggetti, enti od autorit\u00e0 a cui sia obbligatorio comunicare i Suoi dati personali in forza di disposizioni di legge o di ordini delle autorit\u00e0;<\/li>\n<li>5.3. persone autorizzate dal Titolare, ai sensi degli artt. 30 del Codice e 29 del Regolamento, al trattamento di dati personali necessario a svolgere attivit\u00e0 strettamente correlate all\u2019erogazione dei servizi, che si siano impegnate alla riservatezza o abbiano comunque un adeguato obbligo legale di riservatezza.<\/li>\n<\/ul>\n<p>La lista aggiornata dei soggetti che potrebbero trattare i suoi dati personali, in qualit\u00e0 di responsabili del trattamento \u00e8 disponibile, inviando una richiesta scritta al Titolare ai recapiti indicati nella sezione \u201cContatti\u201d della presente informativa.<\/p>\n<ol start=\"6\">\n<li>Trasferimento dei dati personali<\/li>\n<\/ol>\n<p>Per quanto concerne l\u2019eventuale trasferimento dei Dati verso Paesi Terzi, il Titolare rende noto che il trattamento avverr\u00e0 secondo una delle modalit\u00e0 consentite dalla legge vigente, quali ad esempio il consenso dell\u2019interessato, l\u2019adozione di Clausole Standard approvate dalla Commissione Europea, la selezione di soggetti aderenti a programmi internazionali per la libera circolazione dei dati (es. EU-USA Privacy Shield) od operanti in Paesi considerati sicuri dalla Commissione Europea. \u00c8 possibile avere maggiori informazioni, su richiesta, presso il Titolare ai contatti sopraindicati.<\/p>\n<ol start=\"7\">\n<li>Conservazione dei dati<\/li>\n<\/ol>\n<p>I dati personali trattati per le finalit\u00e0 di cui alla sezione 3.1 saranno conservati per il tempo strettamente necessario a raggiungere quelle stesse finalit\u00e0. In ogni caso, trattandosi di trattamenti svolti per la fornitura di servizi, il Titolare conserver\u00e0 i dati personali per il periodo di tempo previsto e ammesso dalla normativa italiana a tutela dei propri interessi (art. 2946 c.c. e ss.).<br \/>\nI dati personali trattati per le finalit\u00e0 di cui alla sezione 3.2 saranno conservati fino al tempo previsto dallo specifico obbligo o norma di legge applicabile.<br \/>\nMaggiori informazioni in merito al periodo di conservazione dei dati e ai criteri utilizzati per determinare tale periodo possono essere richieste inviando una richiesta scritta al Titolare ai recapiti indicati nella sezione \u201cContatti\u201d della presente informativa.<br \/>\n\u00c8 fatta salva, in ogni caso, la possibilit\u00e0 per il Titolare di conservare i Suoi dati personali per il periodo di tempo previsto e ammesso dalla legge italiana a tutela dei propri interessi (Art. 2947 c.c.).<\/p>\n<ol start=\"8\">\n<li>Diritti degli interessati<\/li>\n<\/ol>\n<p>Ai sensi degli articoli 7 del Codice e 15 e ss. del Regolamento, Lei ha il diritto di chiedere a SPRINTCOMMERCE, in qualunque momento, l\u2019accesso ai Suoi dati personali, la rettifica o la cancellazione degli stessi o di opporsi al loro trattamento, richiedere la limitazione del trattamento nei casi previsti dall\u2019art. 18 del Regolamento, nonch\u00e8 di ottenere in un formato strutturato, di uso comune e leggibile da dispositivo automatico i dati che la riguardano, nei casi previsti dall\u2019art. 20 del Regolamento.<br \/>\nLe richieste vanno rivolte per iscritto al Titolare ai recapiti indicati nella sezione \u201cContatti\u201d della presente informativa.<br \/>\nIn ogni caso, ha sempre diritto di proporre reclamo all\u2019Autorit\u00e0 di Controllo competente (Garante per la Protezione dei Dati Personali), ai sensi dell\u2019art. 77 del Regolamento, qualora ritenga che il trattamento dei Suoi dati personali sia contrario alla normativa in vigore.<\/p>\n<ol start=\"9\">\n<li>Modifiche<\/li>\n<\/ol>\n<p>Il Titolare si riserva di modificarne o semplicemente aggiornarne il contenuto, in parte o completamente, anche a causa di variazioni della normativa applicabile. Il Titolare La invita quindi a visitare con regolarit\u00e0 questa sezione per prendere cognizione della pi\u00f9 recente ed aggiornata versione della presente informativa in modo da essere sempre aggiornato sui dati raccolti e sull\u2019uso che ne fa SPRINTCOMMERCE.<\/p>\n<ol start=\"10\">\n<li>Contatti<\/li>\n<\/ol>\n<p>Per esercitare i diritti di cui sopra o per qualunque altra richiesta pu\u00f2 scrivere al Titolare del trattamento all\u2019indirizzo fisico sopra indicato o attraverso il contatto dedicato\u00a0info@361sport.it\u00a0preferibilmente inserendo nell\u2019oggetto della comunicazione la dicitura \u201cRichiesta esercizio diritti privacy\u201d.<br \/>\n<\/section>","protected":false},"excerpt":{"rendered":"<p>Privacy Policy Informativa Privacy Informativa sul trattamento dei dati personali degli utenti del sito web ai sensi dell\u2019art. 13 del D.lgs. n. 196\/2003 e dell\u2019art. 13 del Regolamento UE 679\/2016 Questo documento \u00e8 stato redatto ai sensi dell\u2019art. 13 del D.Lgs. 196\/2003 (di seguito, \u201cCodice Privacy\u201d) e del Regolamento UE 2016\/679 (di seguito: \u201cRegolamento\u201d) al [&hellip;]<\/p>\n","protected":false},"author":1,"featured_media":0,"parent":0,"menu_order":0,"comment_status":"closed","ping_status":"open","template":"","meta":{"_acf_changed":false,"_seopress_robots_primary_cat":"","_seopress_titles_title":"","_seopress_titles_desc":"","_seopress_robots_index":"","footnotes":""},"class_list":["post-3","page","type-page","status-publish","hentry"],"acf":[],"_links":{"self":[{"href":"https:\/\/www.sprint-commerce.it\/en\/wp-json\/wp\/v2\/pages\/3","targetHints":{"allow":["GET"]}}],"collection":[{"href":"https:\/\/www.sprint-commerce.it\/en\/wp-json\/wp\/v2\/pages"}],"about":[{"href":"https:\/\/www.sprint-commerce.it\/en\/wp-json\/wp\/v2\/types\/page"}],"author":[{"embeddable":true,"href":"https:\/\/www.sprint-commerce.it\/en\/wp-json\/wp\/v2\/users\/1"}],"replies":[{"embeddable":true,"href":"https:\/\/www.sprint-commerce.it\/en\/wp-json\/wp\/v2\/comments?post=3"}],"version-history":[{"count":0,"href":"https:\/\/www.sprint-commerce.it\/en\/wp-json\/wp\/v2\/pages\/3\/revisions"}],"wp:attachment":[{"href":"https:\/\/www.sprint-commerce.it\/en\/wp-json\/wp\/v2\/media?parent=3"}],"curies":[{"name":"wp","href":"https:\/\/api.w.org\/{rel}","templated":true}]}}